{"id":2,"date":"2019-06-12T09:26:52","date_gmt":"2019-06-12T09:26:52","guid":{"rendered":"https:\/\/tvmix.net\/?page_id=2"},"modified":"2023-11-01T20:52:20","modified_gmt":"2023-11-01T19:52:20","slug":"sample-page","status":"publish","type":"page","link":"https:\/\/tvmix.net\/","title":{"rendered":"Inicio"},"content":{"rendered":"<p>[et_pb_section fb_built=\u00bb1&#8243; next_background_color=\u00bb#000000&#8243; admin_label=\u00bbsection\u00bb _builder_version=\u00bb4.16&#8243; custom_margin=\u00bb|-35px||-3px||\u00bb custom_padding=\u00bb|0px|445px||false|false\u00bb bottom_divider_style=\u00bbnone\u00bb bottom_divider_height=\u00bb24px\u00bb bottom_divider_repeat=\u00bb1x\u00bb bottom_divider_flip=\u00bbvertical\u00bb bottom_divider_arrangement=\u00bbabove_content\u00bb global_colors_info=\u00bb{}\u00bb][et_pb_row admin_label=\u00bbrow\u00bb _builder_version=\u00bb4.16&#8243; background_size=\u00bbinitial\u00bb background_position=\u00bbtop_left\u00bb background_repeat=\u00bbrepeat\u00bb width=\u00bb99.4%\u00bb min_height=\u00bb304px\u00bb custom_margin=\u00bb|auto|auto|auto|false|false\u00bb custom_padding=\u00bb||0px|||\u00bb animation_style=\u00bbfade\u00bb box_shadow_style=\u00bbpreset1&#8243; global_colors_info=\u00bb{}\u00bb][et_pb_column type=\u00bb4_4&#8243; _builder_version=\u00bb4.16&#8243; custom_padding=\u00bb|||\u00bb global_colors_info=\u00bb{}\u00bb custom_padding__hover=\u00bb|||\u00bb][et_pb_image src=\u00bbhttps:\/\/tvmix.net\/wp-content\/uploads\/2019\/08\/logo.png\u00bb align=\u00bbcenter\u00bb _builder_version=\u00bb4.16&#8243; animation_style=\u00bbfade\u00bb global_colors_info=\u00bb{}\u00bb][\/et_pb_image][et_pb_text admin_label=\u00bbText\u00bb _builder_version=\u00bb4.16&#8243; text_font=\u00bbRoboto|500|||||||\u00bb width=\u00bb100%\u00bb custom_margin=\u00bb-40px|-22px||||\u00bb custom_margin_tablet=\u00bb\u00bb custom_margin_phone=\u00bb-60px|-20px|||false|false\u00bb custom_margin_last_edited=\u00bbon|tablet\u00bb custom_padding=\u00bb|200px||200px|false|true\u00bb custom_padding_tablet=\u00bb|75px||75px|false|true\u00bb custom_padding_phone=\u00bb|10px||10px|false|true\u00bb custom_padding_last_edited=\u00bbon|tablet\u00bb text_text_shadow_style=\u00bbpreset2&#8243; inline_fonts=\u00bbTaprom,Roboto,Marck Script,Dangrek,Arial\u00bb global_colors_info=\u00bb{}\u00bb]<\/p>\n<p><span style=\"font-size: 14px;\">\u00a0<\/span><\/p>\n<h2 id=\"kt-adv-heading_22b5ce-01\" style=\"text-align: center;\"><span style=\"font-size: x-large; font-family: Arial; font-weight: normal;\"><span color=\"#333333\">tvmix.net<\/span>\u00a0est\u00e1 de obras, muy pronto volveremos con nuevos contenidos y secciones renovadas.<\/span><br \/><img decoding=\"async\" loading=\"lazy\" src=\"https:\/\/tvmix.net\/wp-content\/uploads\/2019\/09\/ajuste-247x300.jpg\" width=\"247\" height=\"300\" alt=\"\" class=\"wp-image-1636 alignnone size-medium\" style=\"display: block; margin-left: auto; margin-right: auto;\" \/><\/h2>\n<h4 style=\"text-align: justify;\"><span style=\"font-size: small; font-family: Rambla; font-weight: normal;\"><strong>\u00a0\u00a0<\/strong><\/span><\/h4>\n<p>[\/et_pb_text][et_pb_text _builder_version=\u00bb4.19.2&#8243; _module_preset=\u00bbdefault\u00bb min_height=\u00bb63px\u00bb custom_margin=\u00bb20px|||||\u00bb custom_padding=\u00bb0px|||||\u00bb global_colors_info=\u00bb{}\u00bb]<\/p>\n<h1 style=\"text-align: center;\">Esta p\u00e1gina web no tiene relaci\u00f3n con ninguna aplicaci\u00f3n m\u00f3vil.<\/h1>\n<p>[\/et_pb_text][\/et_pb_column][\/et_pb_row][\/et_pb_section]<\/p>\n","protected":false},"excerpt":{"rendered":"<p>\u00a0 tvmix.net\u00a0est\u00e1 de obras, muy pronto volveremos con nuevos contenidos y secciones renovadas. \u00a0\u00a0Esta p\u00e1gina web no tiene relaci\u00f3n con ninguna aplicaci\u00f3n m\u00f3vil.<\/p>\n","protected":false},"author":1,"featured_media":0,"parent":0,"menu_order":0,"comment_status":"closed","ping_status":"open","template":"","meta":{"_et_pb_use_builder":"on","_et_pb_old_content":"[et_pb_section fb_built=\"1\" admin_label=\"section\" _builder_version=\"3.22\" width=\"100%\" custom_margin=\"|-35px||-3px||\" custom_padding=\"|0px||||\"][et_pb_row admin_label=\"row\" _builder_version=\"3.25\" background_size=\"initial\" background_position=\"top_left\" background_repeat=\"repeat\" width=\"99.4%\" min_height=\"304px\"][et_pb_column type=\"4_4\" _builder_version=\"3.25\" custom_padding=\"|||\" custom_padding__hover=\"|||\"][et_pb_image src=\"https:\/\/tvmix.net\/web\/wp-content\/uploads\/2019\/08\/logo.png\" align=\"center\" _builder_version=\"3.26.5\" animation_style=\"fade\"][\/et_pb_image][et_pb_text admin_label=\"Text\" _builder_version=\"3.26.5\" text_font=\"Roboto|500|||||||\" text_text_shadow_style=\"preset2\" width=\"100%\" custom_margin=\"|-22px||||\" custom_padding=\"|40px||40px||\" inline_fonts=\"Taprom,Roboto,Marck Script,Dangrek\"]\n\n<span style=\"font-size: 14px;\">&nbsp;<\/span>\n<h2 id=\"kt-adv-heading_22b5ce-01\" style=\"text-align: center;\"><span style=\"font-size: x-large;\"><span color=\"#333333\">tvmix.net<\/span>&nbsp;est\u00e1 de obras, muy pronto volveremos con nuevos contenidos y secciones renovadas.<\/span><\/h2>\n&nbsp;\n\n&nbsp;\n<h4 style=\"text-align: justify;\"><span style=\"font-size: medium;\"><strong><span style=\"font-family: Roboto;\">Si eres usuario veterano posiblemente recibiste un email en la direcci\u00f3n de correo con la que te hab\u00edas registrado anteriormente, si no es as\u00ed ponte en contacto con nosotros en tvmix.net@gmail.com dici\u00e9ndonos cual era tu nick y con que email te registraste, intentaremos guardarte tu mismo nick.<\/span><\/strong><\/span><\/h4>\n&nbsp;\n\n&nbsp;\n\n&nbsp;\n\n<!-- \/wp:paragraph -->\n\n&nbsp;\n\n&nbsp;\n\n&nbsp;\n\n[\/et_pb_text][\/et_pb_column][\/et_pb_row][\/et_pb_section]","_et_gb_content_width":"","footnotes":""},"_links":{"self":[{"href":"https:\/\/tvmix.net\/index.php?rest_route=\/wp\/v2\/pages\/2"}],"collection":[{"href":"https:\/\/tvmix.net\/index.php?rest_route=\/wp\/v2\/pages"}],"about":[{"href":"https:\/\/tvmix.net\/index.php?rest_route=\/wp\/v2\/types\/page"}],"author":[{"embeddable":true,"href":"https:\/\/tvmix.net\/index.php?rest_route=\/wp\/v2\/users\/1"}],"replies":[{"embeddable":true,"href":"https:\/\/tvmix.net\/index.php?rest_route=%2Fwp%2Fv2%2Fcomments&post=2"}],"version-history":[{"count":3,"href":"https:\/\/tvmix.net\/index.php?rest_route=\/wp\/v2\/pages\/2\/revisions"}],"predecessor-version":[{"id":109537,"href":"https:\/\/tvmix.net\/index.php?rest_route=\/wp\/v2\/pages\/2\/revisions\/109537"}],"wp:attachment":[{"href":"https:\/\/tvmix.net\/index.php?rest_route=%2Fwp%2Fv2%2Fmedia&parent=2"}],"curies":[{"name":"wp","href":"https:\/\/api.w.org\/{rel}","templated":true}]}}